{"id":490,"date":"2020-11-26T12:24:48","date_gmt":"2020-11-26T11:24:48","guid":{"rendered":"https:\/\/www.comverga.com\/?page_id=490"},"modified":"2023-03-02T11:35:46","modified_gmt":"2023-03-02T10:35:46","slug":"sms-gw-api-gui","status":"publish","type":"page","link":"https:\/\/new.comverga.com\/cze\/de\/sluzby\/sms-messagingove-sluzby\/sms-gw-api-gui\/","title":{"rendered":"SMS Gateway"},"content":{"rendered":"<div data-elementor-type=\"wp-page\" data-elementor-id=\"490\" class=\"elementor elementor-490\">\n\t\t\t\t\t\t\t\t\t<section class=\"elementor-section elementor-top-section elementor-element elementor-element-60b67c93 elementor-section-boxed elementor-section-height-default elementor-section-height-default\" data-id=\"60b67c93\" data-element_type=\"section\">\n\t\t\t\t\t\t<div class=\"elementor-container elementor-column-gap-default\">\n\t\t\t\t\t<div class=\"elementor-column elementor-col-100 elementor-top-column elementor-element elementor-element-3584101a\" data-id=\"3584101a\" data-element_type=\"column\">\n\t\t\t<div class=\"elementor-widget-wrap elementor-element-populated\">\n\t\t\t\t\t\t\t\t<div class=\"elementor-element elementor-element-3fe95936 elementor-widget elementor-widget-text-editor\" data-id=\"3fe95936\" data-element_type=\"widget\" data-widget_type=\"text-editor.default\">\n\t\t\t\t<div class=\"elementor-widget-container\">\n\t\t\t\t\t\t\t<!-- wp:paragraph -->\n<p>Die Datenquelle f\u00fcr die Kommunikation mit Kunden, Partnern oder Klienten sind haupts\u00e4chlich Unternehmenssysteme, egal ob betriebswirtschaftlich, Marketing-seitig oder operativ. Aus diesen Systemen werden Daten f\u00fcr die Kundenkommunikation synchron oder asynchron generiert, die dann verarbeitet und \u00fcber verschiedene Anwendungsschnittstellen und Protokolle gesendet werden. In einigen F\u00e4llen ist es vorteilhaft, eine grafische Benutzeroberfl\u00e4che zu verwenden, die ein leichteres Arbeiten mit Daten, einzelnen Kampagnen und Kundenreaktionen erm\u00f6glicht. Gleichzeitig ist es wichtig, alle notwendigen Prozesse zum Schutz personenbezogener Daten und zum Schutz vor Missbrauch (Spam, Betrug usw.) sicherzustellen. Zus\u00e4tzlich zu den oben genannten Funktionen bietet das SMS-Gateway auch die Verwaltung einzelner Gateway-Benutzer, Verkehrsstatistiken und viele andere Funktionen.<\/p>\n<!-- \/wp:paragraph -->\t\t\t\t\t\t<\/div>\n\t\t\t\t<\/div>\n\t\t\t\t\t<\/div>\n\t\t<\/div>\n\t\t\t\t\t\t\t<\/div>\n\t\t<\/section>\n\t\t\t\t\t\t\t<\/div>","protected":false},"excerpt":{"rendered":"<p>Zdrojem dat pro komunikaci se z\u00e1kazn\u00edky, partnery \u010di klienty jsou v\u011bt\u0161inou firemn\u00ed syst\u00e9my, a\u0165 ji\u017e obchodn\u00ed, marketingov\u00e9 nebo provozn\u00ed. Z t\u011bchto syst\u00e9m\u016f se synchronn\u011b nebo asynchronn\u011b generuj\u00ed data pro z\u00e1kaznickou komunikaci, kter\u00e1 se n\u00e1sledn\u011b zpracov\u00e1vaj\u00ed a odes\u00edlaj\u00ed prost\u0159ednictv\u00edm r\u016fzn\u00fdch aplika\u010dn\u00edch rozhran\u00ed a protokol\u016f. V\u00a0n\u011bkter\u00fdch p\u0159\u00edpadech je v\u00fdhodn\u00e9 pou\u017e\u00edvat grafick\u00e9 u\u017eivatelsk\u00e9 rozhran\u00ed, kter\u00e9 umo\u017e\u0148uje p\u0159\u00edv\u011btivou pr\u00e1ci [&hellip;]<\/p>","protected":false},"author":1,"featured_media":228,"parent":182,"menu_order":0,"comment_status":"closed","ping_status":"closed","template":"","meta":{"footnotes":""},"_links":{"self":[{"href":"https:\/\/new.comverga.com\/cze\/de\/wp-json\/wp\/v2\/pages\/490"}],"collection":[{"href":"https:\/\/new.comverga.com\/cze\/de\/wp-json\/wp\/v2\/pages"}],"about":[{"href":"https:\/\/new.comverga.com\/cze\/de\/wp-json\/wp\/v2\/types\/page"}],"author":[{"embeddable":true,"href":"https:\/\/new.comverga.com\/cze\/de\/wp-json\/wp\/v2\/users\/1"}],"replies":[{"embeddable":true,"href":"https:\/\/new.comverga.com\/cze\/de\/wp-json\/wp\/v2\/comments?post=490"}],"version-history":[{"count":0,"href":"https:\/\/new.comverga.com\/cze\/de\/wp-json\/wp\/v2\/pages\/490\/revisions"}],"up":[{"embeddable":true,"href":"https:\/\/new.comverga.com\/cze\/de\/wp-json\/wp\/v2\/pages\/182"}],"wp:featuredmedia":[{"embeddable":true,"href":"https:\/\/new.comverga.com\/cze\/de\/wp-json\/wp\/v2\/media\/228"}],"wp:attachment":[{"href":"https:\/\/new.comverga.com\/cze\/de\/wp-json\/wp\/v2\/media?parent=490"}],"curies":[{"name":"wp","href":"https:\/\/api.w.org\/{rel}","templated":true}]}}