{"id":4749,"date":"2023-06-13T10:36:34","date_gmt":"2023-06-13T08:36:34","guid":{"rendered":"https:\/\/www.comverga.com\/cze\/?page_id=4749"},"modified":"2023-12-13T12:45:05","modified_gmt":"2023-12-13T11:45:05","slug":"coop-mobil-virtualni-operator","status":"publish","type":"page","link":"https:\/\/new.comverga.com\/cze\/de\/sluzby\/sms-messagingove-sluzby\/omnichannel\/coop-mobil-virtualni-operator\/","title":{"rendered":"Mobilfunkbetreiber COOP Mobil"},"content":{"rendered":"<div data-elementor-type=\"wp-page\" data-elementor-id=\"4749\" class=\"elementor elementor-4749\">\n\t\t\t\t\t\t\t\t\t<section class=\"elementor-section elementor-top-section elementor-element elementor-element-ef48c0d elementor-section-boxed elementor-section-height-default elementor-section-height-default\" data-id=\"ef48c0d\" data-element_type=\"section\">\n\t\t\t\t\t\t<div class=\"elementor-container elementor-column-gap-default\">\n\t\t\t\t\t<div class=\"elementor-column elementor-col-50 elementor-top-column elementor-element elementor-element-7901d5fd\" data-id=\"7901d5fd\" data-element_type=\"column\">\n\t\t\t<div class=\"elementor-widget-wrap elementor-element-populated\">\n\t\t\t\t\t\t\t\t<div class=\"elementor-element elementor-element-648b2714 elementor-widget elementor-widget-text-editor\" data-id=\"648b2714\" data-element_type=\"widget\" data-widget_type=\"text-editor.default\">\n\t\t\t\t<div class=\"elementor-widget-container\">\n\t\t\t\t\t\t\t<div class=\"usecase-text\"><h2 style=\"text-align: left; margin-top: 0;\">COOP Mobil<\/h2><p class=\"translation-block\">Der Mobilfunkbetreiber COOP Mobil belohnt seine Kunden f\u00fcr Eink\u00e4ufe in COOP-Gesch\u00e4ften. Wenn der Kunde seine Kundenkarte an der Kasse aufl\u00e4dt und die Bedingungen des Programms erf\u00fcllt, erh\u00e4lt er kostenlose Einheiten f\u00fcr Anrufe oder einen Rabatt auf COOP Mobil-Dienste..<\/p><\/div>\t\t\t\t\t\t<\/div>\n\t\t\t\t<\/div>\n\t\t\t\t\t<\/div>\n\t\t<\/div>\n\t\t\t\t<div class=\"elementor-column elementor-col-50 elementor-top-column elementor-element elementor-element-119748da\" data-id=\"119748da\" data-element_type=\"column\">\n\t\t\t<div class=\"elementor-widget-wrap elementor-element-populated\">\n\t\t\t\t\t\t\t\t<div class=\"elementor-element elementor-element-1c6f3589 elementor-widget elementor-widget-image\" data-id=\"1c6f3589\" data-element_type=\"widget\" data-widget_type=\"image.default\">\n\t\t\t\t<div class=\"elementor-widget-container\">\n\t\t\t\t\t\t\t\t\t\t\t\t\t\t\t<img fetchpriority=\"high\" decoding=\"async\" width=\"580\" height=\"352\" src=\"https:\/\/new.comverga.com\/cze\/wp-content\/uploads\/sites\/3\/2023\/04\/coopmobil-1024x622.jpg\" class=\"attachment-large size-large wp-image-4061\" alt=\"\" srcset=\"https:\/\/new.comverga.com\/cze\/wp-content\/uploads\/sites\/3\/2023\/04\/coopmobil-1024x622.jpg 1024w, https:\/\/new.comverga.com\/cze\/wp-content\/uploads\/sites\/3\/2023\/04\/coopmobil-300x182.jpg 300w, https:\/\/new.comverga.com\/cze\/wp-content\/uploads\/sites\/3\/2023\/04\/coopmobil-768x467.jpg 768w, https:\/\/new.comverga.com\/cze\/wp-content\/uploads\/sites\/3\/2023\/04\/coopmobil-1200x729.jpg 1200w, https:\/\/new.comverga.com\/cze\/wp-content\/uploads\/sites\/3\/2023\/04\/coopmobil.jpg 1318w\" sizes=\"(max-width: 580px) 100vw, 580px\" \/>\t\t\t\t\t\t\t\t\t\t\t\t\t\t\t<\/div>\n\t\t\t\t<\/div>\n\t\t\t\t\t<\/div>\n\t\t<\/div>\n\t\t\t\t\t\t\t<\/div>\n\t\t<\/section>\n\t\t\t\t<section class=\"elementor-section elementor-top-section elementor-element elementor-element-6d03bf5 elementor-section-boxed elementor-section-height-default elementor-section-height-default\" data-id=\"6d03bf5\" data-element_type=\"section\">\n\t\t\t\t\t\t<div class=\"elementor-container elementor-column-gap-default\">\n\t\t\t\t\t<div class=\"elementor-column elementor-col-50 elementor-top-column elementor-element elementor-element-79239ad\" data-id=\"79239ad\" data-element_type=\"column\">\n\t\t\t<div class=\"elementor-widget-wrap elementor-element-populated\">\n\t\t\t\t\t\t\t\t<div class=\"elementor-element elementor-element-ad9554f elementor-widget elementor-widget-sidebar\" data-id=\"ad9554f\" data-element_type=\"widget\" data-widget_type=\"sidebar.default\">\n\t\t\t\t<div class=\"elementor-widget-container\">\n\t\t\t<div id=\"widget-box\" class=\"smart-watch\">\n\t<img decoding=\"async\" src=\"https:\/\/www.coopmobil.cz\/wp-content\/uploads\/2021\/04\/coop-mobil-logo.svg\"><br>\n\t<span>Branchen<\/span>\n<p>\n\t\tTelekommunikationsbetreiber \u2013 Einzelhandel\n\t<\/p>\n<span>Produkt<\/span>\n<p>\n\t\tKombiniere Smartwatch + Datenkonnektivit\u00e4t\n\t<\/p>\n<\/div>\n<div id=\"widget-box\" class=\"support\">\n\t<img decoding=\"async\" src=\"https:\/\/www.coopmobil.cz\/wp-content\/uploads\/2021\/04\/coop-mobil-logo.svg\"><br>\n\t<span>Branchen<\/span>\n<p>\n\t\tTelekommunikationsbetreiber \u2013 Einzelhandel\n\t<\/p>\n<span>Produkt<\/span>\n<p>\n\t\tLeitfaden f\u00fcr den Kundensupport\n\t<\/p>\n<\/div>\n<div id=\"widget-box\" class=\"operator\">\n\t<img decoding=\"async\" src=\"https:\/\/www.coopmobil.cz\/wp-content\/uploads\/2021\/04\/coop-mobil-logo.svg\"><br>\n\t<span>Branchen<\/span>\n<p>\n\t\tTelekommunikationsbetreiber \u2013 Einzelhandel\n\t<\/p>\n<span>Produkt<\/span>\n<p>\n\t\tUmsetzung des Treueprogramms\n\t<\/p>\n<\/div>\n<div id=\"widget-box\" class=\"caravan\">\n<img decoding=\"async\" src=\"\/cze\/wp-content\/uploads\/sites\/3\/2023\/04\/caravan-logo.jpg\"><br>\n<span>Branchen<\/span>\n<p class=\"translation-block\">GPS-Ortungssysteme f\u00fcr Fahrzeuge, Datenkonnektivit\u00e4t <\/p>\n<span>Produkt<\/span>\n<p class=\"translation-block\">Eine L\u00f6sung f\u00fcr den Zugriff auf das Internet unterwegs <\/p>\n<\/div>\n<div id=\"widget-box\" class=\"camera\">\n<img decoding=\"async\" src=\"\/cze\/wp-content\/uploads\/sites\/3\/2023\/04\/camera-logo.jpg\"><br>\n<span>Branchen<\/span>\n<p>\n\t\tSicherheitssysteme\n\t<\/p>\n<span>Produkt<\/span>\n<p>\n\t\tCams mit Online-Streaming\n\t<\/p>\n<\/div>\n<div id=\"widget-box\" class=\"event\">\n\t<img decoding=\"async\" src=\"\/cze\/wp-content\/uploads\/sites\/3\/2023\/04\/event-logo.png\" style=\"width: 50px\"><br>\n\t<span>Branchen<\/span>\n<p>\n\t\tEventagentur\n\t<\/p>\n<span>Produkt<\/span>\n<p>\n\t\tVeranstaltungsorganisation \u2013 Kommunikation mit Teilnehmern\n\t<\/p>\n<\/div>\n<div id=\"widget-box\" class=\"competition\">\n\t<img decoding=\"async\" src=\"\/cze\/wp-content\/uploads\/sites\/3\/2023\/04\/competition-logo.png\" style=\"width: 50px\"><br>\n\t<span>Branchen<\/span>\n<p>\n\t\tEinzelhandel und Konsumg\u00fcter\n\t<\/p>\n<span>Produkt<\/span>\n<p>\n\t\tVeranstaltungsorganisation \u2013 Kommunikation mit Teilnehmern\n\t<\/p>\n<\/div>\n<div id=\"widget-box\" class=\"marketing\">\n\t<img decoding=\"async\" src=\"\/cze\/wp-content\/uploads\/sites\/3\/2023\/06\/marketing-logo.png\" style=\"width: 50px\"><br>\n\t<span>Branchen<\/span>\n<p>\n\t\tMarketingkommunikation\n\t<\/p>\n<span>Produkt<\/span>\n<p>\n\t\tUmsetzung von Marketing-Mailings\n\t<\/p>\n<\/div>\n\n<div id=\"widget-box\" class=\"fmcg\">\n\t<img decoding=\"async\" src=\"\/cze\/wp-content\/uploads\/sites\/3\/2023\/06\/fmcg-logo.png\" style=\"width: 50px\"><br>\n\t<span>Branchen<\/span>\n<p>\n\t\tFMCG<br>Schnelllebige Konsumg\u00fcter\n\t<\/p>\n<span>Produkt<\/span>\n<p>\n\t\tEssen, Getr\u00e4nke, Drogerie\n\t<\/p>\n<\/div>\t\t<\/div>\n\t\t\t\t<\/div>\n\t\t\t\t\t<\/div>\n\t\t<\/div>\n\t\t\t\t<div class=\"elementor-column elementor-col-50 elementor-top-column elementor-element elementor-element-58cf973\" data-id=\"58cf973\" data-element_type=\"column\">\n\t\t\t<div class=\"elementor-widget-wrap elementor-element-populated\">\n\t\t\t\t\t\t\t\t<div class=\"elementor-element elementor-element-5809b185 elementor-widget elementor-widget-text-editor\" data-id=\"5809b185\" data-element_type=\"widget\" data-widget_type=\"text-editor.default\">\n\t\t\t\t<div class=\"elementor-widget-container\">\n\t\t\t\t\t\t\t<p class=\"translation-block\">COOP Mobil l\u00f6ste die Verbindung der Kassensysteme von COOP mit den Systemen von COOP Mobil f\u00fcr die automatische Bewertung von Bonusanspr\u00fcchen f\u00fcr Eink\u00e4ufe, deren Aktivierung und die Kommunikation der Bonusse an die Kunden.<\/p><p class=\"translation-block\">Dank der COMVERGA Omnichannel-L\u00f6sung erhielt COOP Mobil einen vollst\u00e4ndig automatisierten Prozess f\u00fcr die Verwaltung, Bewertung und Kommunikation seines Treueprogramms \u2013 Bonusprogramm, der die vollautomatische Zuweisung von individuellen Pr\u00e4mien und Bonussen an Endverbraucher erm\u00f6glichte.<\/p>\t\t\t\t\t\t<\/div>\n\t\t\t\t<\/div>\n\t\t\t\t\t<\/div>\n\t\t<\/div>\n\t\t\t\t\t\t\t<\/div>\n\t\t<\/section>\n\t\t\t\t<section class=\"elementor-section elementor-top-section elementor-element elementor-element-e74e3b6 elementor-section-boxed elementor-section-height-default elementor-section-height-default\" data-id=\"e74e3b6\" data-element_type=\"section\">\n\t\t\t\t\t\t<div class=\"elementor-container elementor-column-gap-default\">\n\t\t\t\t\t<div class=\"elementor-column elementor-col-50 elementor-top-column elementor-element elementor-element-1508d08\" data-id=\"1508d08\" data-element_type=\"column\" data-settings=\"{&quot;background_background&quot;:&quot;classic&quot;}\">\n\t\t\t<div class=\"elementor-widget-wrap elementor-element-populated\">\n\t\t\t\t\t\t\t\t<div class=\"elementor-element elementor-element-08aeaa6 elementor-widget elementor-widget-text-editor\" data-id=\"08aeaa6\" data-element_type=\"widget\" data-widget_type=\"text-editor.default\">\n\t\t\t\t<div class=\"elementor-widget-container\">\n\t\t\t\t\t\t\t<h3><strong>Was der Partner bekam:<\/strong><\/h3><div class=\"page\" title=\"Seite 4\"><div class=\"layoutArea\"><div class=\"column\"><ul><li>Vollst\u00e4ndig automatisiertes BONUS-Programm<\/li><li>Effektive Kommunikation mit den Kunden<\/li><li>Eine Umgebung zur Unterst\u00fctzung der Kundenbasis<\/li><li>Zwei-Wege-Kommunikation mit Kunden<\/li><\/ul><\/div><\/div><\/div>\t\t\t\t\t\t<\/div>\n\t\t\t\t<\/div>\n\t\t\t\t\t<\/div>\n\t\t<\/div>\n\t\t\t\t<div class=\"elementor-column elementor-col-50 elementor-top-column elementor-element elementor-element-dfdc4b9\" data-id=\"dfdc4b9\" data-element_type=\"column\" data-settings=\"{&quot;background_background&quot;:&quot;classic&quot;}\">\n\t\t\t<div class=\"elementor-widget-wrap elementor-element-populated\">\n\t\t\t\t\t\t\t\t<div class=\"elementor-element elementor-element-6b21114 elementor-widget elementor-widget-text-editor\" data-id=\"6b21114\" data-element_type=\"widget\" data-widget_type=\"text-editor.default\">\n\t\t\t\t<div class=\"elementor-widget-container\">\n\t\t\t\t\t\t\t<h3><strong>COMVERGA bietet:<\/strong><\/h3><ul><li>Integration mit COOP-Kassensystemen<\/li><li>Vollst\u00e4ndige Logik und Mechaniken der \u00dcberpr\u00fcfung der Pr\u00e4mienberechtigung<\/li><li>Automatisierte Pr\u00e4mienzuteilung<\/li><li>Kommunikation mit dem Kunden \u00fcber den ausgew\u00e4hlten Kanal<\/li><\/ul>\t\t\t\t\t\t<\/div>\n\t\t\t\t<\/div>\n\t\t\t\t\t<\/div>\n\t\t<\/div>\n\t\t\t\t\t\t\t<\/div>\n\t\t<\/section>\n\t\t\t\t\t\t\t<\/div>","protected":false},"excerpt":{"rendered":"<p>COOP Mobil Der Mobilfunkanbieter COOP Mobil belohnt Kunden f\u00fcr den Einkauf in COOP-Filialen. Wenn der Kunde die Kundenkarte an der Kasse aufl\u00e4dt und die Bedingungen des Programms erf\u00fcllt, erh\u00e4lt er kostenlose Gespr\u00e4chseinheiten oder einen Rabatt auf COOP Mobil-Dienste. COOP Mobil l\u00f6ste die Verbindung von COOP-Kassensystemen mit COOP Mobil-Systemen zur automatischen Auswertung von Pr\u00e4mienanspr\u00fcchen f\u00fcr [\u2026]<\/p>","protected":false},"author":1,"featured_media":4776,"parent":4718,"menu_order":4,"comment_status":"closed","ping_status":"closed","template":"","meta":{"footnotes":""},"_links":{"self":[{"href":"https:\/\/new.comverga.com\/cze\/de\/wp-json\/wp\/v2\/pages\/4749"}],"collection":[{"href":"https:\/\/new.comverga.com\/cze\/de\/wp-json\/wp\/v2\/pages"}],"about":[{"href":"https:\/\/new.comverga.com\/cze\/de\/wp-json\/wp\/v2\/types\/page"}],"author":[{"embeddable":true,"href":"https:\/\/new.comverga.com\/cze\/de\/wp-json\/wp\/v2\/users\/1"}],"replies":[{"embeddable":true,"href":"https:\/\/new.comverga.com\/cze\/de\/wp-json\/wp\/v2\/comments?post=4749"}],"version-history":[{"count":0,"href":"https:\/\/new.comverga.com\/cze\/de\/wp-json\/wp\/v2\/pages\/4749\/revisions"}],"up":[{"embeddable":true,"href":"https:\/\/new.comverga.com\/cze\/de\/wp-json\/wp\/v2\/pages\/4718"}],"wp:featuredmedia":[{"embeddable":true,"href":"https:\/\/new.comverga.com\/cze\/de\/wp-json\/wp\/v2\/media\/4776"}],"wp:attachment":[{"href":"https:\/\/new.comverga.com\/cze\/de\/wp-json\/wp\/v2\/media?parent=4749"}],"curies":[{"name":"wp","href":"https:\/\/api.w.org\/{rel}","templated":true}]}}