{"id":4718,"date":"2023-06-13T10:03:27","date_gmt":"2023-06-13T08:03:27","guid":{"rendered":"https:\/\/www.comverga.com\/cze\/?page_id=4718"},"modified":"2023-11-13T19:08:38","modified_gmt":"2023-11-13T18:08:38","slug":"omnichannel","status":"publish","type":"page","link":"https:\/\/new.comverga.com\/cze\/de\/sluzby\/sms-messagingove-sluzby\/omnichannel\/","title":{"rendered":"Omnichannel"},"content":{"rendered":"<div data-elementor-type=\"wp-page\" data-elementor-id=\"4718\" class=\"elementor elementor-4718\">\n\t\t\t\t\t\t\t\t\t<section class=\"elementor-section elementor-top-section elementor-element elementor-element-b58a11a elementor-section-boxed elementor-section-height-default elementor-section-height-default\" data-id=\"b58a11a\" data-element_type=\"section\">\n\t\t\t\t\t\t<div class=\"elementor-container elementor-column-gap-no\">\n\t\t\t\t\t<div class=\"elementor-column elementor-col-100 elementor-top-column elementor-element elementor-element-4c6a5565\" data-id=\"4c6a5565\" data-element_type=\"column\">\n\t\t\t<div class=\"elementor-widget-wrap elementor-element-populated\">\n\t\t\t\t\t\t\t\t<div class=\"elementor-element elementor-element-5809b185 elementor-widget elementor-widget-text-editor\" data-id=\"5809b185\" data-element_type=\"widget\" data-widget_type=\"text-editor.default\">\n\t\t\t\t<div class=\"elementor-widget-container\">\n\t\t\t\t\t\t\t<p class=\"translation-block\">Omnichannel ist eine Strategie, die darauf abzielt, ein einheitliches Kundenerlebnis \u00fcber alle Kommunikation und Vertriebskan\u00e4le hinweg zu bieten. Diese Strategie nutzt eine Vielzahl verschiedener Kan\u00e4le wie Telefon, E-Mail, Chat-Apps, soziale Medien und pers\u00f6nliche Besuche, um ein integriertes und einheitliches Kundenerlebnis zu gew\u00e4hrleisten.<\/p><p class=\"translation-block\">Omnichannel bedeutet, <strong>alle verf\u00fcgbaren Kan\u00e4le und Ressourcen zu kombinieren,<\/strong> die ein Unternehmen f\u00fcr die Interaktion mit seinen Kunden nutzt. Wenn ein Kunde beispielsweise eine Anfrage auf einer Website hinterl\u00e4sst, sollte er in der Lage sein, dieselbe Konversation per E-Mail, Chat, Telefon oder \u00fcber jeden anderen Kanal fortzusetzen, mit dem er vertraut ist. Wenn ein Kunde den Kundendienst \u00fcber einen Kanal in Anspruch nimmt, kann er diese Konversation \u00fcber einen anderen Kanal fortsetzen, ohne seine Anfrage wiederholen zu m\u00fcssen, d. h. der Kontext des Dialogs bleibt erhalten.<\/p><p class=\"translation-block\">COMVERGA Omnichannel erm\u00f6glicht es Ihnen, verschiedene Kommunikationskan\u00e4le in <strong>eine Multi-Channel-Plattform<\/strong> zu integrieren.<\/p><p class=\"translation-block\">Es wird immer wichtiger, einen <strong>personalisierten und konsistenten Service anzubieten<\/strong>, um das Serviceniveau kontinuierlich zu verbessern. Personalisierung wird von den Kunden inzwischen als selbstverst\u00e4ndlich angesehen, aber wenn ein Unternehmen es falsch macht, k\u00f6nnen die Kunden auf alternative Optionen auf dem Markt zur\u00fcckgreifen.<\/p><p class=\"translation-block\">COMVERGA Omnichannel ist eine revolution\u00e4re Kombination aus Technologie, Dialog und Verwaltungsfunktionen, um dem Kunden personalisierte, interaktive und relevante Inhalte zu liefern.<\/p>\t\t\t\t\t\t<\/div>\n\t\t\t\t<\/div>\n\t\t\t\t\t<\/div>\n\t\t<\/div>\n\t\t\t\t\t\t\t<\/div>\n\t\t<\/section>\n\t\t\t\t<section class=\"elementor-section elementor-top-section elementor-element elementor-element-b76b4d6 elementor-section-boxed elementor-section-height-default elementor-section-height-default\" data-id=\"b76b4d6\" data-element_type=\"section\">\n\t\t\t\t\t\t<div class=\"elementor-container elementor-column-gap-default\">\n\t\t\t\t\t<div class=\"elementor-column elementor-col-100 elementor-top-column elementor-element elementor-element-5e752c0\" data-id=\"5e752c0\" data-element_type=\"column\">\n\t\t\t<div class=\"elementor-widget-wrap elementor-element-populated\">\n\t\t\t\t\t\t\t\t<div class=\"elementor-element elementor-element-36f8003 elementor-widget-divider--view-line elementor-widget elementor-widget-divider\" data-id=\"36f8003\" data-element_type=\"widget\" data-widget_type=\"divider.default\">\n\t\t\t\t<div class=\"elementor-widget-container\">\n\t\t\t\t\t<div class=\"elementor-divider\">\n\t\t\t<span class=\"elementor-divider-separator\">\n\t\t\t\t\t\t<\/span>\n\t\t<\/div>\n\t\t\t\t<\/div>\n\t\t\t\t<\/div>\n\t\t\t\t\t<\/div>\n\t\t<\/div>\n\t\t\t\t\t\t\t<\/div>\n\t\t<\/section>\n\t\t\t\t<section class=\"elementor-section elementor-top-section elementor-element elementor-element-70d99b9 elementor-section-boxed elementor-section-height-default elementor-section-height-default\" data-id=\"70d99b9\" data-element_type=\"section\">\n\t\t\t\t\t\t<div class=\"elementor-container elementor-column-gap-no\">\n\t\t\t\t\t<div class=\"elementor-column elementor-col-100 elementor-top-column elementor-element elementor-element-1f21578\" data-id=\"1f21578\" data-element_type=\"column\">\n\t\t\t<div class=\"elementor-widget-wrap elementor-element-populated\">\n\t\t\t\t\t\t\t\t<div class=\"elementor-element elementor-element-35bd486 elementor-widget elementor-widget-heading\" data-id=\"35bd486\" data-element_type=\"widget\" id=\"custom-heading\" data-widget_type=\"heading.default\">\n\t\t\t\t<div class=\"elementor-widget-container\">\n\t\t\t<h2 class=\"elementor-heading-title elementor-size-default\">Wichtigste Vorteile<\/h2>\t\t<\/div>\n\t\t\t\t<\/div>\n\t\t\t\t<div class=\"elementor-element elementor-element-235cc53 elementor-widget elementor-widget-html\" data-id=\"235cc53\" data-element_type=\"widget\" data-widget_type=\"html.default\">\n\t\t\t\t<div class=\"elementor-widget-container\">\n\t\t\t<section class=\"main-benefits\">\n    <div class=\"benefit-box\">\n        <i class=\"fa-solid fa-gears\"><\/i>\n        <p class=\"translation-block\">Einfache<br>\nAPI Integration<\/p>\n    <\/div>\n    \n    <div class=\"benefit-box\">\n        <i class=\"fa-solid fa-hand\"><\/i>\n        <p class=\"translation-block\">Einheitliche<br>\nintuitive GUI<\/p>\n    <\/div>\n    \n    <div class=\"benefit-box\">\n        <i class=\"fa-solid fa-arrow-right-arrow-left\"><\/i>\n        <p class=\"translation-block\">Zweiwege-Kommunikation<br>\n(B2B a B2C)<\/p>\n    <\/div>\n    \n    <div class=\"benefit-box\">\n        <i class=\"fa-solid fa-sliders\"><\/i>\n        <p class=\"translation-block\">Automatische Auswahl<br> der optimalen Kan\u00e4le<\/p>\n    <\/div>\n    \n    <div class=\"benefit-box\">\n        <i class=\"fa-solid fa-bullseye\"><\/i>\n        <p class=\"translation-block\">Fortgeschrittene Strategie bei<br>der Erstellung von Medienpl\u00e4nen<\/p>\n    <\/div>\n    \n<\/section>\t\t<\/div>\n\t\t\t\t<\/div>\n\t\t\t\t<div class=\"elementor-element elementor-element-d5ff60f elementor-widget-divider--view-line elementor-widget elementor-widget-divider\" data-id=\"d5ff60f\" data-element_type=\"widget\" data-widget_type=\"divider.default\">\n\t\t\t\t<div class=\"elementor-widget-container\">\n\t\t\t\t\t<div class=\"elementor-divider\">\n\t\t\t<span class=\"elementor-divider-separator\">\n\t\t\t\t\t\t<\/span>\n\t\t<\/div>\n\t\t\t\t<\/div>\n\t\t\t\t<\/div>\n\t\t\t\t<div class=\"elementor-element elementor-element-c281e89 elementor-widget elementor-widget-heading\" data-id=\"c281e89\" data-element_type=\"widget\" data-widget_type=\"heading.default\">\n\t\t\t\t<div class=\"elementor-widget-container\">\n\t\t\t<h2 class=\"elementor-heading-title elementor-size-default\">L\u00f6sung<\/h2>\t\t<\/div>\n\t\t\t\t<\/div>\n\t\t\t\t\t<\/div>\n\t\t<\/div>\n\t\t\t\t\t\t\t<\/div>\n\t\t<\/section>\n\t\t\t\t<section class=\"elementor-section elementor-top-section elementor-element elementor-element-0b821df elementor-section-boxed elementor-section-height-default elementor-section-height-default\" data-id=\"0b821df\" data-element_type=\"section\">\n\t\t\t\t\t\t<div class=\"elementor-container elementor-column-gap-default\">\n\t\t\t\t\t<div class=\"elementor-column elementor-col-100 elementor-top-column elementor-element elementor-element-4c1cf79\" data-id=\"4c1cf79\" data-element_type=\"column\">\n\t\t\t<div class=\"elementor-widget-wrap elementor-element-populated\">\n\t\t\t\t\t\t\t\t<div class=\"elementor-element elementor-element-5961a8e elementor-widget__width-initial elementor-widget elementor-widget-html\" data-id=\"5961a8e\" data-element_type=\"widget\" data-widget_type=\"html.default\">\n\t\t\t\t<div class=\"elementor-widget-container\">\n\t\t\t<div class=\"main-gif\">\n    \n    <div class=\"color-bubbles\">\n        \n        <div class=\"bubble bubble-green\">\n            <div class=\"dot\"><\/div>\n            <div class=\"dot\"><\/div>\n            <div class=\"dot\"><\/div>\n        <\/div>\n        <div class=\"bubble bubble-blue\">\n            <div class=\"dot\"><\/div>\n            <div class=\"dot\"><\/div>\n            <div class=\"dot\"><\/div>\n        <\/div>\n        <div class=\"bubble bubble-yellow\">\n            <div class=\"dot\"><\/div>\n            <div class=\"dot\"><\/div>\n            <div class=\"dot\"><\/div>\n        <\/div>\n        \n    <\/div>\n    \n    <div class=\"message-bubble without-animation\">\n        <p><b>Hallo xxxx<\/b>, kaufen Sie bis zum Ende der Woche 2 zum Preis von 1. Euer KOSMAS<\/p>\n    <\/div>\n    \n    <div class=\"message-bubble phone\">\n        <i class=\"fa-solid fa-phone\"><\/i>\n        <p><b>Hallo Karel<\/b>, kaufen Sie bis zum Ende der Woche 2 zum Preis von 1. Euer KOSMAS<\/p>\n    <\/div>\n    \n    <div class=\"message-bubble green\">\n        <p>Ich bin interessiert, bitte senden Sie mir mehr Informationen.<\/p>\n    <\/div>\n    \n    <div class=\"message-bubble telegram\">\n        <i class=\"fa-brands fa-telegram\"><\/i>\n        <p><b>Hallo Kamil<\/b>, kaufen Sie bis zum Ende der Woche 2 zum Preis von 1. Euer KOSMAS<\/p>\n    <\/div>\n    \n    <div class=\"message-bubble blue\">\n        <p>F\u00fcr welche Leistungen gilt der Rabatt, bitte?<\/p>\n    <\/div>\n    \n    <div class=\"message-bubble rcs\">\n        <i class=\"fa-regular fa-message\"><\/i>\n        <p><b>Hallo Valent\u00fdna<\/b>, kaufen Sie bis zum Ende der Woche 2 zum Preis von 1. Euer KOSMAS<\/p>\n    <\/div>\n    \n    <div class=\"message-bubble yellow\">\n        <p>Bitte streichen Sie mich von der Mailingliste.<\/p>\n    <\/div>\n    \n    <img decoding=\"async\" src=\"\/cze\/wp-content\/uploads\/sites\/3\/2023\/06\/nakres_OMNI_web.svg\" width=\"100%\">\n    \n<\/div>\t\t<\/div>\n\t\t\t\t<\/div>\n\t\t\t\t\t<\/div>\n\t\t<\/div>\n\t\t\t\t\t\t\t<\/div>\n\t\t<\/section>\n\t\t\t\t<section class=\"elementor-section elementor-top-section elementor-element elementor-element-73418c3 elementor-section-boxed elementor-section-height-default elementor-section-height-default\" data-id=\"73418c3\" data-element_type=\"section\">\n\t\t\t\t\t\t<div class=\"elementor-container elementor-column-gap-default\">\n\t\t\t\t\t<div class=\"elementor-column elementor-col-50 elementor-top-column elementor-element elementor-element-078977e\" data-id=\"078977e\" data-element_type=\"column\">\n\t\t\t<div class=\"elementor-widget-wrap elementor-element-populated\">\n\t\t\t\t\t\t\t\t<div class=\"elementor-element elementor-element-f5ddd76 elementor-widget elementor-widget-text-editor\" data-id=\"f5ddd76\" data-element_type=\"widget\" data-widget_type=\"text-editor.default\">\n\t\t\t\t<div class=\"elementor-widget-container\">\n\t\t\t\t\t\t\t<h3>Der Partner erh\u00e4lt<\/h3>\n<ul>\n \t<li>Kundenzufriedenheit<\/li>\n \t<li>Wirksamkeit von Marketingkampagnen<\/li>\n \t<li>H\u00f6here Kundenloyalit\u00e4t<\/li>\n<\/ul>\t\t\t\t\t\t<\/div>\n\t\t\t\t<\/div>\n\t\t\t\t\t<\/div>\n\t\t<\/div>\n\t\t\t\t<div class=\"elementor-column elementor-col-50 elementor-top-column elementor-element elementor-element-55b16ff\" data-id=\"55b16ff\" data-element_type=\"column\">\n\t\t\t<div class=\"elementor-widget-wrap elementor-element-populated\">\n\t\t\t\t\t\t\t\t<div class=\"elementor-element elementor-element-15cd148 elementor-widget elementor-widget-text-editor\" data-id=\"15cd148\" data-element_type=\"widget\" data-widget_type=\"text-editor.default\">\n\t\t\t\t<div class=\"elementor-widget-container\">\n\t\t\t\t\t\t\t<h3>COMVERGA Omnichannel bietet<\/h3>\n<ul>\n \t<li class=\"s39\">Komplexe Koordination von Kommunikation und Verkauf<\/li>\n \t<li class=\"s39\">API f\u00fcr einfache Integration<\/li>\n \t<li class=\"s39\">Beratung und Unterst\u00fctzung bei der Integration<\/li>\n<\/ul>\t\t\t\t\t\t<\/div>\n\t\t\t\t<\/div>\n\t\t\t\t\t<\/div>\n\t\t<\/div>\n\t\t\t\t\t\t\t<\/div>\n\t\t<\/section>\n\t\t\t\t<section class=\"elementor-section elementor-top-section elementor-element elementor-element-81855fb elementor-section-boxed elementor-section-height-default elementor-section-height-default\" data-id=\"81855fb\" data-element_type=\"section\">\n\t\t\t\t\t\t<div class=\"elementor-container elementor-column-gap-default\">\n\t\t\t\t\t<div class=\"elementor-column elementor-col-100 elementor-top-column elementor-element elementor-element-2877ff3\" data-id=\"2877ff3\" data-element_type=\"column\">\n\t\t\t<div class=\"elementor-widget-wrap elementor-element-populated\">\n\t\t\t\t\t\t\t\t<div class=\"elementor-element elementor-element-902dd2f elementor-align-center elementor-widget elementor-widget-button\" data-id=\"902dd2f\" data-element_type=\"widget\" data-widget_type=\"button.default\">\n\t\t\t\t<div class=\"elementor-widget-container\">\n\t\t\t\t\t<div class=\"elementor-button-wrapper\">\n\t\t\t<a class=\"elementor-button elementor-button-link elementor-size-sm\" href=\"\/cze\/de\/sluzby\/sms-messagingove-sluzby\/omnichannel\/detaily-reseni-omnichannel\/\">\n\t\t\t\t\t\t<span class=\"elementor-button-content-wrapper\">\n\t\t\t\t\t\t<span class=\"elementor-button-text\">Mehr<\/span>\n\t\t<\/span>\n\t\t\t\t\t<\/a>\n\t\t<\/div>\n\t\t\t\t<\/div>\n\t\t\t\t<\/div>\n\t\t\t\t\t<\/div>\n\t\t<\/div>\n\t\t\t\t\t\t\t<\/div>\n\t\t<\/section>\n\t\t\t\t<section class=\"elementor-section elementor-top-section elementor-element elementor-element-fc43daf elementor-section-boxed elementor-section-height-default elementor-section-height-default\" data-id=\"fc43daf\" data-element_type=\"section\">\n\t\t\t\t\t\t<div class=\"elementor-container elementor-column-gap-default\">\n\t\t\t\t\t<div class=\"elementor-column elementor-col-100 elementor-top-column elementor-element elementor-element-1b72fbc\" data-id=\"1b72fbc\" data-element_type=\"column\">\n\t\t\t<div class=\"elementor-widget-wrap elementor-element-populated\">\n\t\t\t\t\t\t\t\t<div class=\"elementor-element elementor-element-b9989d5 elementor-widget-divider--view-line elementor-widget elementor-widget-divider\" data-id=\"b9989d5\" data-element_type=\"widget\" data-widget_type=\"divider.default\">\n\t\t\t\t<div class=\"elementor-widget-container\">\n\t\t\t\t\t<div class=\"elementor-divider\">\n\t\t\t<span class=\"elementor-divider-separator\">\n\t\t\t\t\t\t<\/span>\n\t\t<\/div>\n\t\t\t\t<\/div>\n\t\t\t\t<\/div>\n\t\t\t\t\t<\/div>\n\t\t<\/div>\n\t\t\t\t\t\t\t<\/div>\n\t\t<\/section>\n\t\t\t\t<section class=\"elementor-section elementor-top-section elementor-element elementor-element-589a836 elementor-section-boxed elementor-section-height-default elementor-section-height-default\" data-id=\"589a836\" data-element_type=\"section\">\n\t\t\t\t\t\t<div class=\"elementor-container elementor-column-gap-default\">\n\t\t\t\t\t<div class=\"elementor-column elementor-col-100 elementor-top-column elementor-element elementor-element-4edfd7f\" data-id=\"4edfd7f\" data-element_type=\"column\">\n\t\t\t<div class=\"elementor-widget-wrap elementor-element-populated\">\n\t\t\t\t\t\t\t\t<div class=\"elementor-element elementor-element-a603a7e elementor-widget elementor-widget-heading\" data-id=\"a603a7e\" data-element_type=\"widget\" id=\"custom-heading\" data-widget_type=\"heading.default\">\n\t\t\t\t<div class=\"elementor-widget-container\">\n\t\t\t<h2 class=\"elementor-heading-title elementor-size-default\">Anwendungsbeispiele<\/h2>\t\t<\/div>\n\t\t\t\t<\/div>\n\t\t\t\t<div class=\"elementor-element elementor-element-3be81b7 elementor-widget elementor-widget-html\" data-id=\"3be81b7\" data-element_type=\"widget\" data-widget_type=\"html.default\">\n\t\t\t\t<div class=\"elementor-widget-container\">\n\t\t\t<div class=\"list section-inner custom\">\n\n\t\t<div class=\"list-inner\">\n\t\t    \n\t\t    <div class=\"list-item bg-image\" style=\"background-image:url('\/wp-content\/uploads\/sites\/3\/2023\/04\/coopmobil.jpg')\">\n\t\t\t\t\t<a href=\"\/cze\/de\/sluzby\/sms-messagingove-sluzby\/omnichannel\/coop-mobil-virtualni-operator\/\">\n\n\t\t\t\t\t\t<span class=\"list-item-title\">\n\t\t\t\t\t\t  Mobilfunkbetreiber COOP Mobil\n\t\t\t\t\t\t<\/span>\n\n\t\t\t\t\t\t<span class=\"list-item-description\">\n\t\t\t\t\t\t\t\n\t\t\t\t\t\t\tDer Mobilfunkbetreiber COOP Mobil belohnt seine Kunden f\u00fcr Eink\u00e4ufe in COOP-Gesch\u00e4ften. Wenn der Kunde seine Kundenkarte an der Kasse aufl\u00e4dt und die Bedingungen des Programms erf\u00fcllt, erh\u00e4lt er kostenlose Einheiten f\u00fcr Anrufe oder einen Rabatt auf COOP Mobil-Dienste..\n\n\t\t\t\t\t\t\t\n\t\t\t\t\t\t\t<\/span>\n\n\t\t\t\t\t\t\t<span class=\"list-item-link\">Mehr &gt;<\/span>\n\t\t\t\t\t\t<\/span>\n\t\t\t\t\t<\/a>\n\t\t\t\t<\/div>\n\n\t\t\t\t<div class=\"list-item bg-image\" style=\"background-image:url('\/cze\/wp-content\/uploads\/sites\/3\/2023\/06\/marketingova-agentura.png')\">\n\t\t\t\t\t<a href=\"\/cze\/de\/sluzby\/sms-messagingove-sluzby\/omnichannel\/omnichannel-marketingova-agentura\/\">\n\n\t\t\t\t\t\t<span class=\"list-item-title\">\n\t\t\t\t\t\t     \tMarketing Agentur\n\t\t\t\t\t\t<\/span>\n\n\t\t\t\t\t\t<span class=\"list-item-description\">\n\t\t\t\t\t\t\t\n\t\t\t\t\t\t\t    Die Marketingagentur bietet ihren Kunden die M\u00f6glichkeit auf ihre Bed\u00fcrfnisse zugeschnittene Marketingkampagnen f\u00fcr verschiedene Zielgruppen nach definierten Kriterien zu erstellen und umzusetzen. Bei der Definition einer Kampagne kann der Partner aus einer Vielzahl von...\n\t\t\t\t\t\t\n\t\t\t\t\t\t\t<\/span>\n\n\t\t\t\t\t\t\t<span class=\"list-item-link\">Mehr &gt;<\/span>\n\t\t\t\t\t\t<\/span>\n\t\t\t\t\t<\/a>\n\t\t\t\t<\/div>\n\t\t\t\t<div class=\"list-item bg-image\" style=\"background-image:url('\/cze\/wp-content\/uploads\/sites\/3\/2023\/06\/fmcg.jpg')\">\n\t\t\t\t\t<a href=\"\/cze\/de\/sluzby\/sms-messagingove-sluzby\/omnichannel\/predni-fmcg-spolecnost\/\">\n\n\t\t\t\t\t\t<span class=\"list-item-title\">\n\t\t\t\t\t\t    F\u00fchrendes FMCG-Unternehmen\n\t\t\t\t\t\t<\/span>\n\n\t\t\t\t\t\t<span class=\"list-item-description\">\n\t\t\t\t\t\t\t\n\t\t\t\t\t\tPartner ist ein weltweit f\u00fchrendes FMCG-Unternehmen, dessen Geschichte bis ins 19. Jahrhundert zur\u00fcckreicht. Jahrhundert zur\u00fcckreicht. Sein Portfolio umfasst Lebensmittel, Getr\u00e4nke, Drogerieartikel und vieles mehr.\n\t\t\t\t\t\t\t\n\t\t\t\t\t\t\t<\/span>\n\n\t\t\t\t\t\t\t<span class=\"list-item-link\">Mehr &gt;<\/span>\n\t\t\t\t\t\t<\/span>\n\t\t\t\t\t<\/a>\n\t\t\t\t<\/div>\n\t\t\t\t\n\t\t<\/div>\n\t<\/div>\t\t<\/div>\n\t\t\t\t<\/div>\n\t\t\t\t\t<\/div>\n\t\t<\/div>\n\t\t\t\t\t\t\t<\/div>\n\t\t<\/section>\n\t\t\t\t<section class=\"elementor-section elementor-top-section elementor-element elementor-element-cd72e6a elementor-section-boxed elementor-section-height-default elementor-section-height-default\" data-id=\"cd72e6a\" data-element_type=\"section\">\n\t\t\t\t\t\t<div class=\"elementor-container elementor-column-gap-default\">\n\t\t\t\t\t<div class=\"elementor-column elementor-col-100 elementor-top-column elementor-element elementor-element-55f2d98\" data-id=\"55f2d98\" data-element_type=\"column\">\n\t\t\t<div class=\"elementor-widget-wrap elementor-element-populated\">\n\t\t\t\t\t\t\t\t<div class=\"elementor-element elementor-element-bce1da0 elementor-widget-divider--view-line elementor-widget elementor-widget-divider\" data-id=\"bce1da0\" data-element_type=\"widget\" data-widget_type=\"divider.default\">\n\t\t\t\t<div class=\"elementor-widget-container\">\n\t\t\t\t\t<div class=\"elementor-divider\">\n\t\t\t<span class=\"elementor-divider-separator\">\n\t\t\t\t\t\t<\/span>\n\t\t<\/div>\n\t\t\t\t<\/div>\n\t\t\t\t<\/div>\n\t\t\t\t\t<\/div>\n\t\t<\/div>\n\t\t\t\t\t\t\t<\/div>\n\t\t<\/section>\n\t\t\t\t<section class=\"elementor-section elementor-top-section elementor-element elementor-element-529ddf5 elementor-section-boxed elementor-section-height-default elementor-section-height-default\" data-id=\"529ddf5\" data-element_type=\"section\">\n\t\t\t\t\t\t<div class=\"elementor-container elementor-column-gap-default\">\n\t\t\t\t\t<div class=\"elementor-column elementor-col-100 elementor-top-column elementor-element elementor-element-f7217f0\" data-id=\"f7217f0\" data-element_type=\"column\">\n\t\t\t<div class=\"elementor-widget-wrap elementor-element-populated\">\n\t\t\t\t\t\t\t\t<div class=\"elementor-element elementor-element-7ff166a elementor-widget elementor-widget-heading\" data-id=\"7ff166a\" data-element_type=\"widget\" id=\"custom-heading\" data-widget_type=\"heading.default\">\n\t\t\t\t<div class=\"elementor-widget-container\">\n\t\t\t<h2 class=\"elementor-heading-title elementor-size-default\">Kontaktiere uns<\/h2>\t\t<\/div>\n\t\t\t\t<\/div>\n\t\t\t\t<div class=\"elementor-element elementor-element-6e1397a elementor-widget elementor-widget-text-editor\" data-id=\"6e1397a\" data-element_type=\"widget\" data-widget_type=\"text-editor.default\">\n\t\t\t\t<div class=\"elementor-widget-container\">\n\t\t\t\t\t\t\t<p style=\"text-align: center;\">Sind Sie an dem Service interessiert oder haben Sie eine Frage.<br>\nBitte f\u00fcllen Sie das kurze Formular aus und wir werden uns so schnell wie m\u00f6glich mit Ihnen in Verbindung setzen.<\/p>\t\t\t\t\t\t<\/div>\n\t\t\t\t<\/div>\n\t\t\t\t<div class=\"elementor-element elementor-element-94d5be8 premium-modal-dismissible-yes elementor-widget elementor-widget-premium-addon-modal-box\" data-id=\"94d5be8\" data-element_type=\"widget\" data-settings=\"{&quot;premium_modal_box_animation&quot;:&quot;fadeInDown&quot;}\" data-widget_type=\"premium-addon-modal-box.default\">\n\t\t\t\t<div class=\"elementor-widget-container\">\n\t\t\t\r\n\t\t<div class=\"premium-modal-box-container\" data-settings=\"{&quot;trigger&quot;:&quot;button&quot;}\">\r\n\t\t\t<div class=\"premium-modal-trigger-container\">\r\n\t\t\t\t\t\t\t\t\t<button data-toggle=\"premium-modal\" data-target=\"#premium-modal-94d5be8\" type=\"button\" class=\"premium-modal-trigger-btn premium-btn-sm premium-button-none\" data-text=\"Kontaktujte n\u00e1s\">\r\n\r\n\t\t\t\t\t\t\r\n\t\t\t\t\t\t<div class=\"premium-button-text-icon-wrapper\">\r\n\t\t\t\t\t\t\t<span>Kontaktiere uns<\/span>\r\n\t\t\t\t\t\t<\/div>\r\n\r\n\t\t\t\t\t\t\r\n\t\t\t\t\t\t\r\n\t\t\t\t\t\t\r\n\t\t\t\t\t<\/button>\r\n\t\t\t\t\t\t\t<\/div>\r\n\r\n\t\t\t<div id=\"premium-modal-94d5be8\" class=\"premium-modal-box-modal\"\r\n\t\t\trole=\"dialog\"\r\n\t\t\tstyle=\"display: none\"\r\n\t\t\t>\r\n\t\t\t\t<div class=\"premium-modal-box-modal-dialog\" data-delay-animation=\"\" data-modal-animation=\"fadeInDown animated-fast\">\r\n\t\t\t\t\t\t\t\t\t\t\t<div class=\"premium-modal-box-modal-header\">\r\n\t\t\t\t\t\t\t\t\t\t\t\t\t\t\t<h3 class=\"premium-modal-box-modal-title\">\r\n\t\t\t\t\t\t\t\t\tKontaktiere uns\t\t\t\t\t\t\t\t<\/h3>\r\n\t\t\t\t\t\t\t\t\t\t\t\t\t\t\t\t\t\t\t\t\t\t<div class=\"premium-modal-box-close-button-container\">\r\n\t\t\t\t\t\t\t\t\t<button type=\"button\" class=\"premium-modal-box-modal-close\" data-dismiss=\"premium-modal\">X<\/button>\r\n\t\t\t\t\t\t\t\t<\/div>\r\n\t\t\t\t\t\t\t\t\t\t\t\t\t<\/div>\r\n\t\t\t\t\t\t\t\t\t\t<div class=\"premium-modal-box-modal-body\">\r\n\t\t\t\t\t\t\t\t\t\t\t<\/div>\r\n\t\t\t\t\t\t\t\t\t<\/div>\r\n\t\t\t<\/div>\r\n\t\t<\/div>\r\n\r\n\t\t\t\t<\/div>\n\t\t\t\t<\/div>\n\t\t\t\t\t<\/div>\n\t\t<\/div>\n\t\t\t\t\t\t\t<\/div>\n\t\t<\/section>\n\t\t\t\t\t\t\t<\/div>","protected":false},"excerpt":{"rendered":"<p>Omnichannel je strategie, kter\u00e1 se zam\u011b\u0159uje na poskytov\u00e1n\u00ed konzistentn\u00edho z\u00e1\u017eitku z\u00e1kazn\u00edka nap\u0159\u00ed\u010d v\u0161emi kan\u00e1ly komunikace a prodeje. Tato strategie vyu\u017e\u00edv\u00e1 \u0159adu r\u016fzn\u00fdch kan\u00e1l\u016f, jako jsou telefon, e-mail, chatovac\u00ed aplikace, soci\u00e1ln\u00ed m\u00e9dia a osobn\u00ed n\u00e1v\u0161t\u011bvy, aby byl zaji\u0161t\u011bn integrovan\u00fd a konzistentn\u00ed z\u00e1\u017eitek pro z\u00e1kazn\u00edka.\u00a0 Omnichannel zahrnuje spojen\u00ed v\u0161ech dostupn\u00fdch kan\u00e1l\u016f a prost\u0159edk\u016f, kter\u00e9 firma pou\u017e\u00edv\u00e1 k [&hellip;]<\/p>","protected":false},"author":1,"featured_media":4776,"parent":182,"menu_order":6,"comment_status":"closed","ping_status":"closed","template":"","meta":{"footnotes":""},"_links":{"self":[{"href":"https:\/\/new.comverga.com\/cze\/de\/wp-json\/wp\/v2\/pages\/4718"}],"collection":[{"href":"https:\/\/new.comverga.com\/cze\/de\/wp-json\/wp\/v2\/pages"}],"about":[{"href":"https:\/\/new.comverga.com\/cze\/de\/wp-json\/wp\/v2\/types\/page"}],"author":[{"embeddable":true,"href":"https:\/\/new.comverga.com\/cze\/de\/wp-json\/wp\/v2\/users\/1"}],"replies":[{"embeddable":true,"href":"https:\/\/new.comverga.com\/cze\/de\/wp-json\/wp\/v2\/comments?post=4718"}],"version-history":[{"count":0,"href":"https:\/\/new.comverga.com\/cze\/de\/wp-json\/wp\/v2\/pages\/4718\/revisions"}],"up":[{"embeddable":true,"href":"https:\/\/new.comverga.com\/cze\/de\/wp-json\/wp\/v2\/pages\/182"}],"wp:featuredmedia":[{"embeddable":true,"href":"https:\/\/new.comverga.com\/cze\/de\/wp-json\/wp\/v2\/media\/4776"}],"wp:attachment":[{"href":"https:\/\/new.comverga.com\/cze\/de\/wp-json\/wp\/v2\/media?parent=4718"}],"curies":[{"name":"wp","href":"https:\/\/api.w.org\/{rel}","templated":true}]}}