{"id":4603,"date":"2023-04-27T09:31:17","date_gmt":"2023-04-27T07:31:17","guid":{"rendered":"https:\/\/www.comverga.com\/cze\/?page_id=4603"},"modified":"2024-01-09T15:33:24","modified_gmt":"2024-01-09T14:33:24","slug":"homepage","status":"publish","type":"page","link":"https:\/\/new.comverga.com\/cze\/de\/","title":{"rendered":"Homepage"},"content":{"rendered":"<div data-elementor-type=\"wp-page\" data-elementor-id=\"4603\" class=\"elementor elementor-4603\">\n\t\t\t\t\t\t\t\t\t<section class=\"elementor-section elementor-top-section elementor-element elementor-element-1386c98a elementor-section-boxed elementor-section-height-default elementor-section-height-default\" data-id=\"1386c98a\" data-element_type=\"section\">\n\t\t\t\t\t\t<div class=\"elementor-container elementor-column-gap-default\">\n\t\t\t\t\t<div class=\"elementor-column elementor-col-100 elementor-top-column elementor-element elementor-element-69b83a0\" data-id=\"69b83a0\" data-element_type=\"column\">\n\t\t\t<div class=\"elementor-widget-wrap elementor-element-populated\">\n\t\t\t\t\t\t\t\t\t<\/div>\n\t\t<\/div>\n\t\t\t\t\t\t\t<\/div>\n\t\t<\/section>\n\t\t\t\t<section class=\"elementor-section elementor-top-section elementor-element elementor-element-ff43054 elementor-section-boxed elementor-section-height-default elementor-section-height-default\" data-id=\"ff43054\" data-element_type=\"section\" data-settings=\"{&quot;background_background&quot;:&quot;classic&quot;}\">\n\t\t\t\t\t\t<div class=\"elementor-container elementor-column-gap-default\">\n\t\t\t\t\t<div class=\"elementor-column elementor-col-100 elementor-top-column elementor-element elementor-element-706d7ff6\" data-id=\"706d7ff6\" data-element_type=\"column\" data-settings=\"{&quot;background_background&quot;:&quot;classic&quot;}\">\n\t\t\t<div class=\"elementor-widget-wrap elementor-element-populated\">\n\t\t\t\t\t\t\t\t<div class=\"elementor-element elementor-element-474f932d elementor-widget elementor-widget-heading\" data-id=\"474f932d\" data-element_type=\"widget\" data-widget_type=\"heading.default\">\n\t\t\t\t<div class=\"elementor-widget-container\">\n\t\t\t<h2 class=\"elementor-heading-title elementor-size-default\">Mehr \u00fcber unser Portfolio<\/h2>\t\t<\/div>\n\t\t\t\t<\/div>\n\t\t\t\t<div class=\"elementor-element elementor-element-8785efc elementor-widget elementor-widget-premium-carousel-widget\" data-id=\"8785efc\" data-element_type=\"widget\" data-widget_type=\"premium-carousel-widget.default\">\n\t\t\t\t<div class=\"elementor-widget-container\">\n\t\t\t\r\n\t\t<div id=\"premium-carousel-wrapper-8785efc\" class=\"premium-carousel-wrapper premium-carousel-hidden carousel-wrapper-8785efc  premium-carousel-dots-below\" data-settings=\"{&quot;vertical&quot;:false,&quot;slidesToScroll&quot;:1,&quot;slidesToShow&quot;:1,&quot;infinite&quot;:true,&quot;speed&quot;:300,&quot;fade&quot;:false,&quot;autoplay&quot;:true,&quot;autoplaySpeed&quot;:5000,&quot;draggable&quot;:true,&quot;touchMove&quot;:true,&quot;adaptiveHeight&quot;:false,&quot;variableWidth&quot;:false,&quot;cssEase&quot;:&quot;ease&quot;,&quot;pauseOnHover&quot;:true,&quot;centerMode&quot;:false,&quot;arrows&quot;:true,&quot;dots&quot;:true,&quot;slidesDesk&quot;:1,&quot;slidesTab&quot;:1,&quot;slidesMob&quot;:1,&quot;animation&quot;:&quot;null&quot;,&quot;tabletBreak&quot;:1025,&quot;mobileBreak&quot;:768,&quot;navigation&quot;:[&quot;&quot;,&quot;&quot;,&quot;&quot;,&quot;&quot;,&quot;&quot;,&quot;&quot;,&quot;&quot;,&quot;&quot;,&quot;&quot;,&quot;&quot;,&quot;&quot;,&quot;&quot;,&quot;&quot;,&quot;&quot;,&quot;&quot;,&quot;&quot;],&quot;carouselNavigation&quot;:&quot;dots&quot;,&quot;templatesNumber&quot;:16}\">\r\n\t\t\t\t\t\t<div class=\"premium-carousel-nav-dot\">\r\n\t\t\t\t\t\t\t\t<i class=\"fas fa-circle\" aria-hidden=\"true\"><\/i>\r\n\t\t\t\t\t\t\t\t<\/div>\r\n\t\t\t\t\t\t\t\t<div class=\"premium-carousel-nav-arrow-prev\">\r\n\t\t\t\t\t<a type=\"button\" data-role=\"none\" class=\"carousel-arrow carousel-prev\" aria-label=\"Vorherige\" role=\"button\">\r\n\t\t\t\t\t\t\t\t\t\t<i class=\"fas fa-chevron-left\" aria-hidden=\"true\"><\/i>\r\n\t\t\t\t\t\t\t\t\t<\/a>\r\n\t\t\t\t<\/div>\r\n\t\t\t\t<div class=\"premium-carousel-nav-arrow-next\">\r\n\t\t\t\t\t<a type=\"button\" data-role=\"none\" class=\"carousel-arrow carousel-next\" aria-label=\"N\u00e4chste\" role=\"button\">\r\n\t\t\t\t\t\t\t\t\t\t<i class=\"fas fa-chevron-right\" aria-hidden=\"true\"><\/i>\r\n\t\t\t\t\t\t\t\t\t<\/a>\r\n\t\t\t\t<\/div>\r\n\t\t\t\t\t<div id=\"premium-carousel-8785efc\" class=\"premium-carousel-inner\">\r\n\t\t\t\t\t\t<div class=\"premium-carousel-template item-wrapper\">\r\n\t\t\t\t\t\t\t\t\t\t\t\t\t\t<\/div>\r\n\t\t\t\t\t\t\t\t<div class=\"premium-carousel-template item-wrapper\">\r\n\t\t\t\t\t\t\t\t\t\t\t\t\t\t<\/div>\r\n\t\t\t\t\t\t\t\t<div class=\"premium-carousel-template item-wrapper\">\r\n\t\t\t\t\t\t\t\t\t\t\t\t\t\t<\/div>\r\n\t\t\t\t\t\t\t\t<div class=\"premium-carousel-template item-wrapper\">\r\n\t\t\t\t\t\t\t\t\t\t\t\t\t\t<\/div>\r\n\t\t\t\t\t\t\t\t<div class=\"premium-carousel-template item-wrapper\">\r\n\t\t\t\t\t\t\t\t\t\t\t\t\t\t<\/div>\r\n\t\t\t\t\t\t\t\t<div class=\"premium-carousel-template item-wrapper\">\r\n\t\t\t\t\t\t\t\t\t\t\t\t\t\t<\/div>\r\n\t\t\t\t\t\t\t\t<div class=\"premium-carousel-template item-wrapper\">\r\n\t\t\t\t\t\t\t\t\t\t\t\t\t\t<\/div>\r\n\t\t\t\t\t\t\t\t<div class=\"premium-carousel-template item-wrapper\">\r\n\t\t\t\t\t\t\t\t\t\t\t\t\t\t<\/div>\r\n\t\t\t\t\t\t\t\t<div class=\"premium-carousel-template item-wrapper\">\r\n\t\t\t\t\t\t\t\t\t\t\t\t\t\t<\/div>\r\n\t\t\t\t\t\t\t\t<div class=\"premium-carousel-template item-wrapper\">\r\n\t\t\t\t\t\t\t\t\t\t\t\t\t\t<\/div>\r\n\t\t\t\t\t\t\t\t<div class=\"premium-carousel-template item-wrapper\">\r\n\t\t\t\t\t\t\t\t\t\t\t\t\t\t<\/div>\r\n\t\t\t\t\t\t\t\t<div class=\"premium-carousel-template item-wrapper\">\r\n\t\t\t\t\t\t\t\t\t\t\t\t\t\t<\/div>\r\n\t\t\t\t\t\t\t\t<div class=\"premium-carousel-template item-wrapper\">\r\n\t\t\t\t\t\t\t\t\t\t\t\t\t\t<\/div>\r\n\t\t\t\t\t\t\t\t<div class=\"premium-carousel-template item-wrapper\">\r\n\t\t\t\t\t\t\t\t\t\t\t\t\t\t<\/div>\r\n\t\t\t\t\t\t\t\t<div class=\"premium-carousel-template item-wrapper\">\r\n\t\t\t\t\t\t\t\t\t\t\t\t\t\t<\/div>\r\n\t\t\t\t\t\t\t\t<div class=\"premium-carousel-template item-wrapper\">\r\n\t\t\t\t\t\t\t\t\t\t\t\t\t\t<\/div>\r\n\t\t\t\t\t\t\t<\/div>\r\n\t\t\t\t\t<\/div>\r\n\t\t\t\t<\/div>\n\t\t\t\t<\/div>\n\t\t\t\t\t<\/div>\n\t\t<\/div>\n\t\t\t\t\t\t\t<\/div>\n\t\t<\/section>\n\t\t\t\t<section class=\"elementor-section elementor-top-section elementor-element elementor-element-48140dae elementor-section-boxed elementor-section-height-default elementor-section-height-default\" data-id=\"48140dae\" data-element_type=\"section\">\n\t\t\t\t\t\t<div class=\"elementor-container elementor-column-gap-default\">\n\t\t\t\t\t<div class=\"elementor-column elementor-col-100 elementor-top-column elementor-element elementor-element-21a1a9ed\" data-id=\"21a1a9ed\" data-element_type=\"column\">\n\t\t\t<div class=\"elementor-widget-wrap elementor-element-populated\">\n\t\t\t\t\t\t\t\t<div class=\"elementor-element elementor-element-2fc72e5a elementor-widget elementor-widget-heading\" data-id=\"2fc72e5a\" data-element_type=\"widget\" data-widget_type=\"heading.default\">\n\t\t\t\t<div class=\"elementor-widget-container\">\n\t\t\t<h2 class=\"elementor-heading-title elementor-size-default\">Neues von COMVERGA<\/h2>\t\t<\/div>\n\t\t\t\t<\/div>\n\t\t\t\t\t<\/div>\n\t\t<\/div>\n\t\t\t\t\t\t\t<\/div>\n\t\t<\/section>\n\t\t\t\t<section class=\"elementor-section elementor-top-section elementor-element elementor-element-7d4b34e0 elementor-section-boxed elementor-section-height-default elementor-section-height-default\" data-id=\"7d4b34e0\" data-element_type=\"section\">\n\t\t\t\t\t\t<div class=\"elementor-container elementor-column-gap-default\">\n\t\t\t\t\t<div class=\"elementor-column elementor-col-100 elementor-top-column elementor-element elementor-element-67cdb1f7\" data-id=\"67cdb1f7\" data-element_type=\"column\" data-settings=\"{&quot;background_background&quot;:&quot;classic&quot;}\">\n\t\t\t<div class=\"elementor-widget-wrap elementor-element-populated\">\n\t\t\t\t\t\t\t\t<div class=\"elementor-element elementor-element-b5c83c8 stratum-navigation-arrow-position-inside stratum-list-image-left elementor-widget elementor-widget-stratum-advanced-posts\" data-id=\"b5c83c8\" data-element_type=\"widget\" data-widget_type=\"stratum-advanced-posts.default\">\n\t\t\t\t<div class=\"elementor-widget-container\">\n\t\t\t\t<div class=\"stratum-advanced-posts layout-list masonry-disable\"\n\t\t\t>\n\t\t<div class=\"stratum-advanced-posts__wrapper\" data-masonry-options=\"{&quot;columns&quot;:&quot;2&quot;,&quot;column_gap&quot;:20,&quot;row_gap&quot;:20}\">\n\t\t\t<article id='post-5539' class='stratum-advanced-posts__post'><div class='stratum-advanced-posts__post-wrapper'><div class='stratum-advanced-posts__post-thumbnail'><a href='https:\/\/new.comverga.com\/cze\/de\/news\/nokia-pak-trinact-let-samsung-a-ted-iphone-apple-se-stal-poprve-nejvetsim-prodejcem-mobilu-na-svete\/' class='stratum-advanced-posts__post-link'><img fetchpriority=\"high\" decoding=\"async\" width=\"874\" height=\"766\" src=\"https:\/\/new.comverga.com\/cze\/wp-content\/uploads\/sites\/3\/2024\/01\/banner_new.png\" class=\"stratum-advanced-posts__post-thumbnail-image wp-post-image\" alt=\"Nokia, pak t\u0159in\u00e1ct let Samsung a te\u010f iPhone. Apple se stal poprv\u00e9 nejv\u011bt\u0161\u00edm prodejcem mobil\u016f na sv\u011bt\u011b\" srcset=\"https:\/\/new.comverga.com\/cze\/wp-content\/uploads\/sites\/3\/2024\/01\/banner_new.png 874w, https:\/\/new.comverga.com\/cze\/wp-content\/uploads\/sites\/3\/2024\/01\/banner_new-300x263.png 300w, https:\/\/new.comverga.com\/cze\/wp-content\/uploads\/sites\/3\/2024\/01\/banner_new-768x673.png 768w, https:\/\/new.comverga.com\/cze\/wp-content\/uploads\/sites\/3\/2024\/01\/banner_new-14x12.png 14w\" sizes=\"(max-width: 874px) 100vw, 874px\" \/><div class='stratum-advanced-posts__post-thumbnail-overlay'><\/div><\/a><\/div><div class='stratum-advanced-posts__content-wrapper'><div class='stratum-advanced-posts__entry-header'><h3 class=\"stratum-advanced-posts__post-title\"><a href=\"https:\/\/new.comverga.com\/cze\/de\/news\/nokia-pak-trinact-let-samsung-a-ted-iphone-apple-se-stal-poprve-nejvetsim-prodejcem-mobilu-na-svete\/\">Nokia, dann dreizehn Jahre Samsung und jetzt das iPhone. Apple wurde zum ersten Mal der gr\u00f6\u00dfte Handyverk\u00e4ufer der Welt<\/a><\/h3><div class='stratum-advanced-posts__entry-meta'><span class='stratum-advanced-posts__post-date'><time datetime='2024-01-17T09:44:17+01:00'><a href='https:\/\/new.comverga.com\/cze\/de\/news\/2024\/01\/17\/'>17. 1. 2024<\/a><\/time><\/span><\/div><\/div><div class='stratum-advanced-posts__post-content'>Im letzten Jahr waren die anderen drei Pl\u00e4tze an chinesische Unternehmen vergeben. Xiaomi belegte den dritten und Oppo den vierten Platz, beide mussten jedoch Umsatzeinbu\u00dfen hinnehmen. Das haupts\u00e4chlich in Afrika t\u00e4tige Unternehmen Transsion hingegen, das den f\u00fcnften Platz belegte, konnte seinen Umsatz um fast 31 Prozent steigern und seinen Marktanteil um 2,1 Prozentpunkte auf 8,1 Prozent erh\u00f6hen.<\/div><div class='stratum-advanced-posts__entry-footer'><div class='stratum-advanced-posts__read-more'><a href='https:\/\/new.comverga.com\/cze\/de\/news\/nokia-pak-trinact-let-samsung-a-ted-iphone-apple-se-stal-poprve-nejvetsim-prodejcem-mobilu-na-svete\/'>Mehr<\/a><\/div><\/div><\/div><\/div><\/article>\t\t<\/div>\n\n\t\t\t<\/div>\n\t\t<\/div>\n\t\t\t\t<\/div>\n\t\t\t\t\t<\/div>\n\t\t<\/div>\n\t\t\t\t\t\t\t<\/div>\n\t\t<\/section>\n\t\t\t\t\t\t\t<\/div>","protected":false},"excerpt":{"rendered":"<p>V\u00edce o na\u0161em portfoliu SMS \/ Messagingov\u00e9 slu\u017eby Omnichannel Omnichannel je strategie, kter\u00e1 se zam\u011b\u0159uje na poskytov\u00e1n\u00ed konzistentn\u00edho z\u00e1\u017eitku z\u00e1kazn\u00edka nap\u0159\u00ed\u010d v\u0161emi kan\u00e1ly komunikace a prodeje. Tato strategie vyu\u017e\u00edv\u00e1 \u0159adu r\u016fzn\u00fdch kan\u00e1l\u016f, jako jsou telefon, e-mail, chatovac\u00ed aplikace, soci\u00e1ln\u00ed m\u00e9dia a osobn\u00ed n\u00e1v\u0161t\u011bvy, aby byl zaji\u0161t\u011bn integrovan\u00fd a konzistentn\u00ed z\u00e1\u017eitek pro z\u00e1kazn\u00edka. V\u00edce SMS \/ [&hellip;]<\/p>","protected":false},"author":1,"featured_media":0,"parent":0,"menu_order":0,"comment_status":"closed","ping_status":"closed","template":"","meta":{"footnotes":""},"_links":{"self":[{"href":"https:\/\/new.comverga.com\/cze\/de\/wp-json\/wp\/v2\/pages\/4603"}],"collection":[{"href":"https:\/\/new.comverga.com\/cze\/de\/wp-json\/wp\/v2\/pages"}],"about":[{"href":"https:\/\/new.comverga.com\/cze\/de\/wp-json\/wp\/v2\/types\/page"}],"author":[{"embeddable":true,"href":"https:\/\/new.comverga.com\/cze\/de\/wp-json\/wp\/v2\/users\/1"}],"replies":[{"embeddable":true,"href":"https:\/\/new.comverga.com\/cze\/de\/wp-json\/wp\/v2\/comments?post=4603"}],"version-history":[{"count":0,"href":"https:\/\/new.comverga.com\/cze\/de\/wp-json\/wp\/v2\/pages\/4603\/revisions"}],"wp:attachment":[{"href":"https:\/\/new.comverga.com\/cze\/de\/wp-json\/wp\/v2\/media?parent=4603"}],"curies":[{"name":"wp","href":"https:\/\/api.w.org\/{rel}","templated":true}]}}