{"id":192,"date":"2020-11-25T13:13:07","date_gmt":"2020-11-25T12:13:07","guid":{"rendered":"https:\/\/www.comverga.com\/?page_id=192"},"modified":"2023-03-02T11:37:17","modified_gmt":"2023-03-02T10:37:17","slug":"sdp-pro-m2m-iot","status":"publish","type":"page","link":"https:\/\/new.comverga.com\/cze\/de\/sluzby\/software-as-a-service-platform-as-a-service\/sdp-pro-m2m-iot\/","title":{"rendered":"SDP f\u00fcr M2M \/ IoT"},"content":{"rendered":"<div data-elementor-type=\"wp-page\" data-elementor-id=\"192\" class=\"elementor elementor-192\">\n\t\t\t\t\t\t\t\t\t<section class=\"elementor-section elementor-top-section elementor-element elementor-element-5adc1ae6 elementor-section-boxed elementor-section-height-default elementor-section-height-default\" data-id=\"5adc1ae6\" data-element_type=\"section\">\n\t\t\t\t\t\t<div class=\"elementor-container elementor-column-gap-default\">\n\t\t\t\t\t<div class=\"elementor-column elementor-col-100 elementor-top-column elementor-element elementor-element-133d43fd\" data-id=\"133d43fd\" data-element_type=\"column\">\n\t\t\t<div class=\"elementor-widget-wrap elementor-element-populated\">\n\t\t\t\t\t\t\t\t<div class=\"elementor-element elementor-element-7ca6b683 elementor-widget elementor-widget-text-editor\" data-id=\"7ca6b683\" data-element_type=\"widget\" data-widget_type=\"text-editor.default\">\n\t\t\t\t<div class=\"elementor-widget-container\">\n\t\t\t\t\t\t\t<!-- wp:paragraph -->\n<p class=\"translation-block\">Neben der Datenanbindung erfordern intelligente Endger\u00e4te und Applikationen eine Reihe weiterer Supportprozesse, z. B. der Vertrieb \u00fcber verschiedene Vertriebskan\u00e4le, um eine gr\u00f6\u00dftm\u00f6gliche Reichweite von Kunden\/Endnutzern zu erreichen. Gleichzeitig ist es notwendig, deren Installation und Support durch lokale Partner sicherzustellen.<\/p>\n<!-- \/wp:paragraph -->\n\n<!-- wp:paragraph -->\n<p class=\"translation-block\">Die SDP-Plattform erm\u00f6glicht das komplette Management des Vertriebskanals auf allen Ebenen, d. h. Wholesales Operator, Lieferanten, lokale Reseller oder Servicepartner und Endkunden. Der gesamte Lebenszyklus eines Produkts auf einer Plattform: Aktivierung und Deaktivierung von Services, Rechnungsstellung und Bezahlungen.<\/p>\n<!-- \/wp:paragraph -->\t\t\t\t\t\t<\/div>\n\t\t\t\t<\/div>\n\t\t\t\t\t<\/div>\n\t\t<\/div>\n\t\t\t\t\t\t\t<\/div>\n\t\t<\/section>\n\t\t\t\t\t\t\t<\/div>","protected":false},"excerpt":{"rendered":"<p>Chytr\u00e1 za\u0159\u00edzen\u00ed a aplikace vy\u017eaduj\u00ed krom\u011b datov\u00e9 konektivity celou \u0159adu dal\u0161\u00edch podp\u016frn\u00fdch proces\u016f, kter\u00e9 umo\u017en\u00ed jejich efektivn\u00ed distribuci r\u016fzn\u00fdmi distribu\u010dn\u00edmi kan\u00e1ly tak, aby se staly p\u0159\u00edstupn\u00fdmi co nej\u0161ir\u0161\u00edmu spektru koncov\u00fdch u\u017eivatel\u016f. Sou\u010dasn\u011b je pot\u0159eba zajistit jejich instalaci a podporu prost\u0159ednictv\u00edm lok\u00e1ln\u00edch partner\u016f. SDP platforma umo\u017e\u0148uje kompletn\u00ed spr\u00e1vu prodejn\u00edho kan\u00e1lu na v\u0161ech \u00farovn\u00edch, tj. velkoobchodn\u00edch poskytovatel\u016f [&hellip;]<\/p>","protected":false},"author":1,"featured_media":1294,"parent":186,"menu_order":0,"comment_status":"closed","ping_status":"closed","template":"","meta":{"footnotes":""},"_links":{"self":[{"href":"https:\/\/new.comverga.com\/cze\/de\/wp-json\/wp\/v2\/pages\/192"}],"collection":[{"href":"https:\/\/new.comverga.com\/cze\/de\/wp-json\/wp\/v2\/pages"}],"about":[{"href":"https:\/\/new.comverga.com\/cze\/de\/wp-json\/wp\/v2\/types\/page"}],"author":[{"embeddable":true,"href":"https:\/\/new.comverga.com\/cze\/de\/wp-json\/wp\/v2\/users\/1"}],"replies":[{"embeddable":true,"href":"https:\/\/new.comverga.com\/cze\/de\/wp-json\/wp\/v2\/comments?post=192"}],"version-history":[{"count":0,"href":"https:\/\/new.comverga.com\/cze\/de\/wp-json\/wp\/v2\/pages\/192\/revisions"}],"up":[{"embeddable":true,"href":"https:\/\/new.comverga.com\/cze\/de\/wp-json\/wp\/v2\/pages\/186"}],"wp:featuredmedia":[{"embeddable":true,"href":"https:\/\/new.comverga.com\/cze\/de\/wp-json\/wp\/v2\/media\/1294"}],"wp:attachment":[{"href":"https:\/\/new.comverga.com\/cze\/de\/wp-json\/wp\/v2\/media?parent=192"}],"curies":[{"name":"wp","href":"https:\/\/api.w.org\/{rel}","templated":true}]}}