{"id":188,"date":"2020-11-25T13:11:18","date_gmt":"2020-11-25T12:11:18","guid":{"rendered":"https:\/\/www.comverga.com\/?page_id=188"},"modified":"2023-03-02T11:37:01","modified_gmt":"2023-03-02T10:37:01","slug":"sdp-pro-messagingovou-komunikaci","status":"publish","type":"page","link":"https:\/\/new.comverga.com\/cze\/de\/sluzby\/software-as-a-service-platform-as-a-service\/sdp-pro-messagingovou-komunikaci\/","title":{"rendered":"SDP f\u00fcr die Messaging-Kommunikation"},"content":{"rendered":"<div data-elementor-type=\"wp-page\" data-elementor-id=\"188\" class=\"elementor elementor-188\">\n\t\t\t\t\t\t\t\t\t<section class=\"elementor-section elementor-top-section elementor-element elementor-element-ac7c9be elementor-section-boxed elementor-section-height-default elementor-section-height-default\" data-id=\"ac7c9be\" data-element_type=\"section\">\n\t\t\t\t\t\t<div class=\"elementor-container elementor-column-gap-default\">\n\t\t\t\t\t<div class=\"elementor-column elementor-col-100 elementor-top-column elementor-element elementor-element-6f955f96\" data-id=\"6f955f96\" data-element_type=\"column\">\n\t\t\t<div class=\"elementor-widget-wrap elementor-element-populated\">\n\t\t\t\t\t\t\t\t<div class=\"elementor-element elementor-element-5492b7ea elementor-widget elementor-widget-text-editor\" data-id=\"5492b7ea\" data-element_type=\"widget\" data-widget_type=\"text-editor.default\">\n\t\t\t\t<div class=\"elementor-widget-container\">\n\t\t\t\t\t\t\t<!-- wp:paragraph -->\n<p class=\"translation-block\">Sie k\u00f6nnen verschiedene Kan\u00e4le f\u00fcr die Nachrichten\u00fcbermittlung verwenden \u2013 SMS, E-Mail, Sprachnachrichten und Kommunikationsanwendungen, oder auch ihre eigenen. Unsere SDP bietet Module und Funktionen zum Verwalten von \u00a0Kontakten, Gruppen, Kampagnen und Mailings. Es bietet eine Vielzahl von Optionen zum Erstellen von Berichten, Statistiken und Dashboards.<\/p>\n<p class=\"translation-block\">Diese Plattform wird h\u00e4ufig in der Kommunikation mit Kunden, Partnern und Mitarbeitern, in Marketingagenturen, Kundencentern sowie in der Staatsverwaltung und Kommunalverwaltung zur Kommunikation mit B\u00fcrgern eingesetzt.<\/p>\n<!-- \/wp:paragraph -->\t\t\t\t\t\t<\/div>\n\t\t\t\t<\/div>\n\t\t\t\t\t<\/div>\n\t\t<\/div>\n\t\t\t\t\t\t\t<\/div>\n\t\t<\/section>\n\t\t\t\t\t\t\t<\/div>","protected":false},"excerpt":{"rendered":"<p>Umo\u017e\u0148uje vyu\u017e\u00edvat r\u016fzn\u00e9 kan\u00e1ly pro doru\u010dov\u00e1n\u00ed zpr\u00e1v &#8211; SMS, email, hlasov\u00e9 zpr\u00e1vy a komunika\u010dn\u00ed aplikace v\u010detn\u011b priv\u00e1tn\u00edch. Poskytuje moduly a funkce pro \u00fadr\u017ebu b\u00e1z\u00ed kontakt\u016f, skupin, kampan\u00ed a rozes\u00edlek. Nab\u00edz\u00ed \u0161irok\u00e9 mo\u017enosti pro tvorbu report\u016f, statistik a dashboard\u016f. Tato platforma nach\u00e1z\u00ed \u0161irok\u00e9 pou\u017eit\u00ed ve firemn\u00ed komunikaci s klienty, partnery a zam\u011bstnanci, v marketingov\u00fdch agentur\u00e1ch, klientsk\u00fdch [&hellip;]<\/p>","protected":false},"author":1,"featured_media":1292,"parent":186,"menu_order":0,"comment_status":"closed","ping_status":"closed","template":"","meta":{"footnotes":""},"_links":{"self":[{"href":"https:\/\/new.comverga.com\/cze\/de\/wp-json\/wp\/v2\/pages\/188"}],"collection":[{"href":"https:\/\/new.comverga.com\/cze\/de\/wp-json\/wp\/v2\/pages"}],"about":[{"href":"https:\/\/new.comverga.com\/cze\/de\/wp-json\/wp\/v2\/types\/page"}],"author":[{"embeddable":true,"href":"https:\/\/new.comverga.com\/cze\/de\/wp-json\/wp\/v2\/users\/1"}],"replies":[{"embeddable":true,"href":"https:\/\/new.comverga.com\/cze\/de\/wp-json\/wp\/v2\/comments?post=188"}],"version-history":[{"count":0,"href":"https:\/\/new.comverga.com\/cze\/de\/wp-json\/wp\/v2\/pages\/188\/revisions"}],"up":[{"embeddable":true,"href":"https:\/\/new.comverga.com\/cze\/de\/wp-json\/wp\/v2\/pages\/186"}],"wp:featuredmedia":[{"embeddable":true,"href":"https:\/\/new.comverga.com\/cze\/de\/wp-json\/wp\/v2\/media\/1292"}],"wp:attachment":[{"href":"https:\/\/new.comverga.com\/cze\/de\/wp-json\/wp\/v2\/media?parent=188"}],"curies":[{"name":"wp","href":"https:\/\/api.w.org\/{rel}","templated":true}]}}