{"id":186,"date":"2020-11-25T13:10:13","date_gmt":"2020-11-25T12:10:13","guid":{"rendered":"https:\/\/www.comverga.com\/?page_id=186"},"modified":"2023-03-01T14:37:12","modified_gmt":"2023-03-01T13:37:12","slug":"software-as-a-service-platform-as-a-service","status":"publish","type":"page","link":"https:\/\/new.comverga.com\/cze\/de\/sluzby\/software-as-a-service-platform-as-a-service\/","title":{"rendered":"Software-as-a-Service \/ Plattform-as-a-Service"},"content":{"rendered":"<div data-elementor-type=\"wp-page\" data-elementor-id=\"186\" class=\"elementor elementor-186\">\n\t\t\t\t\t\t\t\t\t<section class=\"elementor-section elementor-top-section elementor-element elementor-element-3fbc4849 elementor-section-boxed elementor-section-height-default elementor-section-height-default\" data-id=\"3fbc4849\" data-element_type=\"section\">\n\t\t\t\t\t\t<div class=\"elementor-container elementor-column-gap-default\">\n\t\t\t\t\t<div class=\"elementor-column elementor-col-100 elementor-top-column elementor-element elementor-element-6fe33cd\" data-id=\"6fe33cd\" data-element_type=\"column\">\n\t\t\t<div class=\"elementor-widget-wrap elementor-element-populated\">\n\t\t\t\t\t\t\t\t<div class=\"elementor-element elementor-element-7c6507e9 elementor-widget elementor-widget-text-editor\" data-id=\"7c6507e9\" data-element_type=\"widget\" data-widget_type=\"text-editor.default\">\n\t\t\t\t<div class=\"elementor-widget-container\">\n\t\t\t\t\t\t\t<!-- wp:paragraph -->\n<p class=\"translation-block\">Wir entwickeln und betreiben unsere eigenen Kommunikationsplattformen und -anwendungen. Wir folgen den neuesten technologischen Trends und passen unsere L\u00f6sungen den Anforderungen unserer Partner und Kunden und deren Projekte an. Unser Ziel ist es, diese L\u00f6sungen zu fairen Preisen und in k\u00fcrzester Zeit anzubieten. Wir verwenden modernste agile Entwicklungsverfahren.<\/p>\n<!-- \/wp:paragraph -->\t\t\t\t\t\t<\/div>\n\t\t\t\t<\/div>\n\t\t\t\t\t<\/div>\n\t\t<\/div>\n\t\t\t\t\t\t\t<\/div>\n\t\t<\/section>\n\t\t\t\t\t\t\t<\/div>","protected":false},"excerpt":{"rendered":"<p class=\"translation-block\">Wir entwickeln und betreiben unsere eigenen Kommunikationsplattformen und -anwendungen. Wir folgen den neuesten technologischen Trends und passen unsere L\u00f6sungen den Anforderungen unserer Partner und Kunden und deren Projekte an. Unser Ziel ist es, diese L\u00f6sungen zu fairen Preisen und in k\u00fcrzester Zeit anzubieten. Wir verwenden modernste agile Entwicklungsverfahren.<\/p>","protected":false},"author":1,"featured_media":1213,"parent":2676,"menu_order":101,"comment_status":"closed","ping_status":"closed","template":"","meta":{"footnotes":""},"_links":{"self":[{"href":"https:\/\/new.comverga.com\/cze\/de\/wp-json\/wp\/v2\/pages\/186"}],"collection":[{"href":"https:\/\/new.comverga.com\/cze\/de\/wp-json\/wp\/v2\/pages"}],"about":[{"href":"https:\/\/new.comverga.com\/cze\/de\/wp-json\/wp\/v2\/types\/page"}],"author":[{"embeddable":true,"href":"https:\/\/new.comverga.com\/cze\/de\/wp-json\/wp\/v2\/users\/1"}],"replies":[{"embeddable":true,"href":"https:\/\/new.comverga.com\/cze\/de\/wp-json\/wp\/v2\/comments?post=186"}],"version-history":[{"count":0,"href":"https:\/\/new.comverga.com\/cze\/de\/wp-json\/wp\/v2\/pages\/186\/revisions"}],"up":[{"embeddable":true,"href":"https:\/\/new.comverga.com\/cze\/de\/wp-json\/wp\/v2\/pages\/2676"}],"wp:featuredmedia":[{"embeddable":true,"href":"https:\/\/new.comverga.com\/cze\/de\/wp-json\/wp\/v2\/media\/1213"}],"wp:attachment":[{"href":"https:\/\/new.comverga.com\/cze\/de\/wp-json\/wp\/v2\/media?parent=186"}],"curies":[{"name":"wp","href":"https:\/\/api.w.org\/{rel}","templated":true}]}}