{"id":182,"date":"2020-11-25T13:08:36","date_gmt":"2020-11-25T12:08:36","guid":{"rendered":"https:\/\/www.comverga.com\/?page_id=182"},"modified":"2023-03-01T14:36:03","modified_gmt":"2023-03-01T13:36:03","slug":"sms-messagingove-sluzby","status":"publish","type":"page","link":"https:\/\/new.comverga.com\/cze\/de\/sluzby\/sms-messagingove-sluzby\/","title":{"rendered":"SMS-\/Messaging-Dienste"},"content":{"rendered":"<p>Wenn Sie schnell und effizient mit Ihren Partnern, Kunden und Klienten kommunizieren m\u00f6chten, nutzen Sie die Kommunikation per SMS. Sie k\u00f6nnen SMS beispielsweise so verwenden, dass Sie Ihre Kunden \u00fcber Neuigkeiten, Preisangebote und aktuelle Rabatte informieren. Oder es ist m\u00f6glich, Umfragen mit Ihren Kunden oder B\u00fcrgern zu machen. Mit Hilfe einer SMS-Umfrage oder -Kampagne, erhalten Sie die Antworten und k\u00f6nnen sie in beide Richtungen verarbeiten, damit meinen wir, Sie k\u00f6nnen Ihre Kunden oder B\u00fcrgern \u00fcber die Ergebnisse der Umfrage informieren.<br>Neben SMS k\u00f6nnen Sie in Ihrer Kommunikation auch Sprachnachrichten, E-Mails und verschiedene andere Kommunikationsanwendungen verwenden.<\/p>","protected":false},"excerpt":{"rendered":"<p>Wenn Sie schnell und effizient mit Ihren Partnern, Kunden und Klienten kommunizieren m\u00fcssen, nutzen Sie die SMS-Kommunikation. Sie k\u00f6nnen SMS unidirektional nutzen, um Ihre Kunden z.B. \u00fcber Neuigkeiten, Preisangebote, aktuelle Rabatte zu informieren. Oder es ist m\u00f6glich, z.B. Kunden, B\u00fcrger mittels SMS-Umfragen und Kampagnen bidirektional zu kontaktieren und deren Antworten zu verarbeiten. Neben SMS k\u00f6nnen Sie auch [\u2026]<\/p>","protected":false},"author":1,"featured_media":1215,"parent":2676,"menu_order":103,"comment_status":"closed","ping_status":"closed","template":"","meta":{"footnotes":""},"_links":{"self":[{"href":"https:\/\/new.comverga.com\/cze\/de\/wp-json\/wp\/v2\/pages\/182"}],"collection":[{"href":"https:\/\/new.comverga.com\/cze\/de\/wp-json\/wp\/v2\/pages"}],"about":[{"href":"https:\/\/new.comverga.com\/cze\/de\/wp-json\/wp\/v2\/types\/page"}],"author":[{"embeddable":true,"href":"https:\/\/new.comverga.com\/cze\/de\/wp-json\/wp\/v2\/users\/1"}],"replies":[{"embeddable":true,"href":"https:\/\/new.comverga.com\/cze\/de\/wp-json\/wp\/v2\/comments?post=182"}],"version-history":[{"count":0,"href":"https:\/\/new.comverga.com\/cze\/de\/wp-json\/wp\/v2\/pages\/182\/revisions"}],"up":[{"embeddable":true,"href":"https:\/\/new.comverga.com\/cze\/de\/wp-json\/wp\/v2\/pages\/2676"}],"wp:featuredmedia":[{"embeddable":true,"href":"https:\/\/new.comverga.com\/cze\/de\/wp-json\/wp\/v2\/media\/1215"}],"wp:attachment":[{"href":"https:\/\/new.comverga.com\/cze\/de\/wp-json\/wp\/v2\/media?parent=182"}],"curies":[{"name":"wp","href":"https:\/\/api.w.org\/{rel}","templated":true}]}}